{"id":196,"date":"2019-11-07T19:14:12","date_gmt":"2019-11-07T21:14:12","guid":{"rendered":"https:\/\/karlabernardoadvogados.com.br\/?page_id=26"},"modified":"2019-12-04T16:44:11","modified_gmt":"2019-12-04T19:44:11","slug":"quienes-somos","status":"publish","type":"page","link":"https:\/\/karlabernardoadvogados.com.br\/es\/quienes-somos\/","title":{"rendered":"Quienes somos"},"content":{"rendered":"<h1>Conozca un\u00a0 poco de nuestra historia.<\/h1>\n<p><strong>KARLA BERNADO SOCIEDADE DE ADVOGADOS<\/strong> sugi\u00f3 de la motivaci\u00f3n\u00a0 de su fundador para ofrecer a sus clientes la equidad, la calidad y la comprenci\u00f3n legal al cuidado di\u00e1rio del empreendedor que enfrenta la exigente y compleja compet\u00eancia comercial, respetando su nicho operativo.<\/p>\n<p>Se destaca no solo por su conocimiento del derecho substantivo y la pr\u00e1tica\u00a0 procesal sobresaliente, sino tambi\u00e9n por su preocupaci\u00f3n por elevar las soluciones basadas en una visi\u00f3n comercial global y no solo centrada en cuetiones legales espec\u00edficas.<\/p>\n<p>Nuestra excel\u00eancia, combinada con intelig\u00eancia creativa e inovadora, nos distingue en el mercado por la capacidade de generar soluciones valiosas para casos estrat\u00e9gicos y desafiantes. Y esto solo es posible con el trabajo de un equipo refinado y talentoso, totalmente comprometido con las expectativas y necessidades de nuestros clientes.<\/p>\n","protected":false},"excerpt":{"rendered":"<p>Conozca un\u00a0 poco de nuestra historia. KARLA BERNADO SOCIEDADE DE ADVOGADOS sugi\u00f3 de la motivaci\u00f3n\u00a0 de su fundador para ofrecer a sus clientes la equidad, la calidad y la comprenci\u00f3n legal al cuidado di\u00e1rio del empreendedor que enfrenta la exigente y compleja compet\u00eancia comercial, respetando su nicho operativo. Se destaca no solo por su conocimiento [&hellip;]<\/p>\n","protected":false},"author":1,"featured_media":0,"parent":0,"menu_order":0,"comment_status":"closed","ping_status":"closed","template":"page-empresa.php","meta":{"_acf_changed":false,"_joinchat":[],"footnotes":""},"class_list":["post-196","page","type-page","status-publish","hentry"],"acf":[],"_links":{"self":[{"href":"https:\/\/karlabernardoadvogados.com.br\/es\/wp-json\/wp\/v2\/pages\/196","targetHints":{"allow":["GET"]}}],"collection":[{"href":"https:\/\/karlabernardoadvogados.com.br\/es\/wp-json\/wp\/v2\/pages"}],"about":[{"href":"https:\/\/karlabernardoadvogados.com.br\/es\/wp-json\/wp\/v2\/types\/page"}],"author":[{"embeddable":true,"href":"https:\/\/karlabernardoadvogados.com.br\/es\/wp-json\/wp\/v2\/users\/1"}],"replies":[{"embeddable":true,"href":"https:\/\/karlabernardoadvogados.com.br\/es\/wp-json\/wp\/v2\/comments?post=196"}],"version-history":[{"count":5,"href":"https:\/\/karlabernardoadvogados.com.br\/es\/wp-json\/wp\/v2\/pages\/196\/revisions"}],"predecessor-version":[{"id":257,"href":"https:\/\/karlabernardoadvogados.com.br\/es\/wp-json\/wp\/v2\/pages\/196\/revisions\/257"}],"wp:attachment":[{"href":"https:\/\/karlabernardoadvogados.com.br\/es\/wp-json\/wp\/v2\/media?parent=196"}],"curies":[{"name":"wp","href":"https:\/\/api.w.org\/{rel}","templated":true}]}}