{"id":62,"date":"2019-11-10T13:43:55","date_gmt":"2019-11-10T16:43:55","guid":{"rendered":"https:\/\/karlabernardoadvogados.com.br\/?page_id=62"},"modified":"2019-12-04T16:39:35","modified_gmt":"2019-12-04T19:39:35","slug":"area-de-atuacion","status":"publish","type":"page","link":"https:\/\/karlabernardoadvogados.com.br\/es\/area-de-atuacion\/","title":{"rendered":"AREA DE ATUACI\u00d3N"},"content":{"rendered":"<h1>CONOCE NUESTRAS \u00c1REAS DE ESPECIALIZACI\u00d3N.<\/h1>\n","protected":false},"excerpt":{"rendered":"<p>CONOCE NUESTRAS \u00c1REAS DE ESPECIALIZACI\u00d3N.<\/p>\n","protected":false},"author":1,"featured_media":0,"parent":0,"menu_order":0,"comment_status":"closed","ping_status":"closed","template":"page-servicos.php","meta":{"_acf_changed":false,"_joinchat":[],"footnotes":""},"class_list":["post-62","page","type-page","status-publish","hentry"],"acf":[],"_links":{"self":[{"href":"https:\/\/karlabernardoadvogados.com.br\/es\/wp-json\/wp\/v2\/pages\/62","targetHints":{"allow":["GET"]}}],"collection":[{"href":"https:\/\/karlabernardoadvogados.com.br\/es\/wp-json\/wp\/v2\/pages"}],"about":[{"href":"https:\/\/karlabernardoadvogados.com.br\/es\/wp-json\/wp\/v2\/types\/page"}],"author":[{"embeddable":true,"href":"https:\/\/karlabernardoadvogados.com.br\/es\/wp-json\/wp\/v2\/users\/1"}],"replies":[{"embeddable":true,"href":"https:\/\/karlabernardoadvogados.com.br\/es\/wp-json\/wp\/v2\/comments?post=62"}],"version-history":[{"count":5,"href":"https:\/\/karlabernardoadvogados.com.br\/es\/wp-json\/wp\/v2\/pages\/62\/revisions"}],"predecessor-version":[{"id":231,"href":"https:\/\/karlabernardoadvogados.com.br\/es\/wp-json\/wp\/v2\/pages\/62\/revisions\/231"}],"wp:attachment":[{"href":"https:\/\/karlabernardoadvogados.com.br\/es\/wp-json\/wp\/v2\/media?parent=62"}],"curies":[{"name":"wp","href":"https:\/\/api.w.org\/{rel}","templated":true}]}}